{"id":226,"date":"2024-04-11T17:30:32","date_gmt":"2024-04-11T20:30:32","guid":{"rendered":"https:\/\/advmarinaudribiu.com\/?page_id=226"},"modified":"2024-04-11T17:56:17","modified_gmt":"2024-04-11T20:56:17","slug":"termos-de-uso","status":"publish","type":"page","link":"https:\/\/advmarinaudribiu.com\/index.php\/termos-de-uso\/","title":{"rendered":"Termos de uso"},"content":{"rendered":"\t\t<div data-elementor-type=\"wp-page\" data-elementor-id=\"226\" class=\"elementor elementor-226\" data-elementor-settings=\"{&quot;ha_cmc_init_switcher&quot;:&quot;no&quot;}\">\n\t\t\t\t<div class=\"elementor-element elementor-element-d347664 e-flex e-con-boxed e-con e-parent\" data-id=\"d347664\" data-element_type=\"container\" data-e-type=\"container\" data-settings=\"{&quot;_ha_eqh_enable&quot;:false}\">\n\t\t\t\t\t<div class=\"e-con-inner\">\n\t\t\t\t<div class=\"elementor-element elementor-element-27583d0 elementor-widget elementor-widget-text-editor\" data-id=\"27583d0\" data-element_type=\"widget\" data-e-type=\"widget\" data-widget_type=\"text-editor.default\">\n\t\t\t\t<div class=\"elementor-widget-container\">\n\t\t\t\t\t\t\t\t\t<h4><span style=\"vertical-align: inherit;\"><span style=\"vertical-align: inherit;\"><span style=\"vertical-align: inherit;\"><span style=\"vertical-align: inherit;\">Termos e Condi\u00e7\u00f5es de Uso<\/span><\/span><\/span><\/span><\/h4><p><span style=\"vertical-align: inherit;\"><span style=\"vertical-align: inherit;\"><span style=\"vertical-align: inherit;\"><span style=\"vertical-align: inherit;\">Seja bem-vindo ao advmarinaudribiu.com!<\/span><\/span><\/span><\/span><\/p><p><span style=\"vertical-align: inherit;\"><span style=\"vertical-align: inherit;\"><span style=\"vertical-align: inherit;\"><span style=\"vertical-align: inherit;\">Estes termos e condi\u00e7\u00f5es descrevem as regras de uso do site da empresa Advocacia Marina Udribiu, localizada no endere\u00e7o http:\/\/advmarinaudribiu.com.<\/span><\/span><\/span><\/span><\/p><p><span style=\"vertical-align: inherit;\"><span style=\"vertical-align: inherit;\"><span style=\"vertical-align: inherit;\"><span style=\"vertical-align: inherit;\">Ao acessar este site, consideramos que voc\u00ea est\u00e1 de acordo com os termos e condi\u00e7\u00f5es abaixo. N\u00e3o continue a usar o advmarinaudribiu.com caso voc\u00ea discorde dos termos e condi\u00e7\u00f5es descritos neste contrato.<\/span><\/span><\/span><\/span><\/p><h4><span style=\"vertical-align: inherit;\"><span style=\"vertical-align: inherit;\"><span style=\"vertical-align: inherit;\"><span style=\"vertical-align: inherit;\">Biscoitos:<\/span><\/span><\/span><\/span><\/h4><p><span style=\"vertical-align: inherit;\"><span style=\"vertical-align: inherit;\"><span style=\"vertical-align: inherit;\"><span style=\"vertical-align: inherit;\">O site utiliza cookies para ajudar na personaliza\u00e7\u00e3o de sua experi\u00eancia na internet. Ao acessar o site advmarinaudribiu.com, voc\u00ea concorda com o uso dos cookies necess\u00e1rios.<\/span><\/span><\/span><\/span><\/p><p><span style=\"vertical-align: inherit;\"><span style=\"vertical-align: inherit;\"><span style=\"vertical-align: inherit;\"><span style=\"vertical-align: inherit;\">Cookies s\u00e3o arquivos de texto inseridos em seu disco r\u00edgido por um servidor de p\u00e1gina da web. Os cookies n\u00e3o t\u00eam permiss\u00e3o para executar programas ou transferir v\u00edrus para o seu computador. Os cookies s\u00e3o associados exclusivamente a voc\u00ea e s\u00f3 podem ser lidos pelo servidor web do dom\u00ednio que emitiu o cookie.<\/span><\/span><\/span><\/span><\/p><p><span style=\"vertical-align: inherit;\"><span style=\"vertical-align: inherit;\"><span style=\"vertical-align: inherit;\"><span style=\"vertical-align: inherit;\">Podemos usar cookies para coletar, armazenar ou rastrear informa\u00e7\u00f5es espec\u00edficas para estat\u00edsticas e mercadol\u00f3gicas do nosso site. Voc\u00ea tem a op\u00e7\u00e3o de aceitar ou rejeitar os cookies indiretamente. Existem alguns cookies obrigat\u00f3rios, que s\u00e3o necess\u00e1rios para o funcionamento do nosso site. Esses cookies obrigat\u00f3rios s\u00e3o solicitados ao seu consentimento. Por favor, tenha em mente que, ao aceitar os cookies obrigat\u00f3rios, voc\u00ea tamb\u00e9m aceitar\u00e1 cookies de terceiros, que podem ser usados \u200b\u200bpor terceiros, caso voc\u00ea utilize servi\u00e7os fornecidos por eles em nosso site \u2013 por exemplo, uma janela de reprodu\u00e7\u00e3o de v\u00eddeo fornecidos por empresas terceiras e integradas ao nosso site.<\/span><\/span><\/span><\/span><\/p><h4><span style=\"vertical-align: inherit;\"><span style=\"vertical-align: inherit;\"><span style=\"vertical-align: inherit;\"><span style=\"vertical-align: inherit;\">Licen\u00e7a:<\/span><\/span><\/span><\/span><\/h4><p><span style=\"vertical-align: inherit;\"><span style=\"vertical-align: inherit;\"><span style=\"vertical-align: inherit;\"><span style=\"vertical-align: inherit;\">Exceto nos casos indicados ou contr\u00e1rio, a Advocacia Marina Udribiu e os seus licenciados t\u00eam direito \u00e0 propriedade intelectual de todo o material publicado em advmarinaudribiu.com. Todos os direitos de propriedade intelectual s\u00e3o reservados.<\/span><\/span><\/span><\/span><\/p><p><span style=\"vertical-align: inherit;\"><span style=\"vertical-align: inherit;\"><span style=\"vertical-align: inherit;\"><span style=\"vertical-align: inherit;\">Voc\u00ea n\u00e3o tem permiss\u00e3o para:<\/span><\/span><\/span><\/span><\/p><ul><li><span style=\"vertical-align: inherit;\"><span style=\"vertical-align: inherit;\"><span style=\"vertical-align: inherit;\"><span style=\"vertical-align: inherit;\">Copiar ou republicar materiais de advmarinaudribiu.com<\/span><\/span><\/span><\/span><\/li><li><span style=\"vertical-align: inherit;\"><span style=\"vertical-align: inherit;\"><span style=\"vertical-align: inherit;\"><span style=\"vertical-align: inherit;\">Vender, alugar ou sublocar materiais do advmarinaudribiu.com<\/span><\/span><\/span><\/span><\/li><li><span style=\"vertical-align: inherit;\"><span style=\"vertical-align: inherit;\"><span style=\"vertical-align: inherit;\"><span style=\"vertical-align: inherit;\">Reproduzir, duplicar ou copiar materiais de advmarinaudribiu.com<\/span><\/span><\/span><\/span><\/li><li><span style=\"vertical-align: inherit;\"><span style=\"vertical-align: inherit;\"><span style=\"vertical-align: inherit;\"><span style=\"vertical-align: inherit;\">Redistribuir conte\u00fado de advmarinaudribiu.com<\/span><\/span><\/span><\/span><\/li><\/ul><p><span style=\"vertical-align: inherit;\"><span style=\"vertical-align: inherit;\"><span style=\"vertical-align: inherit;\"><span style=\"vertical-align: inherit;\">Este acordo ter\u00e1 efeito a partir dos dados apresentados.<\/span><\/span><\/span><\/span><\/p><p><span style=\"vertical-align: inherit;\"><span style=\"vertical-align: inherit;\"><span style=\"vertical-align: inherit;\"><span style=\"vertical-align: inherit;\">Partes deste site oferecem ao usu\u00e1rio a oportunidade de postar e discutir opini\u00f5es e informa\u00e7\u00f5es em determinadas \u00e1reas. Advocacia Marina Udribiu n\u00e3o filtra, edita, publica ou revisa Coment\u00e1rios antes que eles sejam apresentados no site. Os coment\u00e1rios refletem as opini\u00f5es da pessoa que os postam. Na extens\u00e3o em que as leis permitem, a Advocacia Marina Udribiu n\u00e3o se responsabiliza legalmente pelos Coment\u00e1rios ou quaisquer danos, riscos ou despesas causadas ou sofridas como resultado do uso, e\/ou postagem e\/ou apar\u00eancia dos Coment\u00e1rios deste site.<\/span><\/span><\/span><\/span><\/p><p><span style=\"vertical-align: inherit;\"><span style=\"vertical-align: inherit;\"><span style=\"vertical-align: inherit;\"><span style=\"vertical-align: inherit;\">Advocacia Marina Udribiu reserva-se para si o direito de remover quaisquer Coment\u00e1rios que possam ser considerados inapropriados, ofensivos ou quebrem os Termos e Condi\u00e7\u00f5es deste contrato.<\/span><\/span><\/span><\/span><\/p><p><span style=\"vertical-align: inherit;\"><span style=\"vertical-align: inherit;\"><span style=\"vertical-align: inherit;\"><span style=\"vertical-align: inherit;\">Voc\u00ea declara e garante que:<\/span><\/span><\/span><\/span><\/p><ul><li><span style=\"vertical-align: inherit;\"><span style=\"vertical-align: inherit;\"><span style=\"vertical-align: inherit;\"><span style=\"vertical-align: inherit;\">Voc\u00ea tem o direito de postar Coment\u00e1rios em nosso site e tem todas as licen\u00e7as e consentimentos para tal;<\/span><\/span><\/span><\/span><\/li><li><span style=\"vertical-align: inherit;\"><span style=\"vertical-align: inherit;\"><span style=\"vertical-align: inherit;\"><span style=\"vertical-align: inherit;\">Seus Coment\u00e1rios n\u00e3o invadem qualquer propriedade intelectual, incluindo direitos autorais, patentes ou marcas registradas de terceiros;<\/span><\/span><\/span><\/span><\/li><li><span style=\"vertical-align: inherit;\"><span style=\"vertical-align: inherit;\"><span style=\"vertical-align: inherit;\"><span style=\"vertical-align: inherit;\">Seus Coment\u00e1rios n\u00e3o cont\u00e9m material difamat\u00f3rio, injurioso, ofensivo, indecente ou de alguma forma il\u00edcito, que seja invas\u00e3o de privacidade.<\/span><\/span><\/span><\/span><\/li><li><span style=\"vertical-align: inherit;\"><span style=\"vertical-align: inherit;\"><span style=\"vertical-align: inherit;\"><span style=\"vertical-align: inherit;\">Seus coment\u00e1rios n\u00e3o ser\u00e3o usados \u200b\u200bpara solicitar ou promover neg\u00f3cios ou apresentar atividades comerciais ou il\u00edcitas.<\/span><\/span><\/span><\/span><\/li><\/ul><p><span style=\"vertical-align: inherit;\"><span style=\"vertical-align: inherit;\">Voc\u00ea por meio deste concede \u00e0 Advocacia Marina Udribiu a licen\u00e7a n\u00e3o-exclusiva de usar, reproduzir, editar e autorizar outros a usar, reproduzir ou editar qualquer um de seus Coment\u00e1rios em qualquer e todas as formas, formatos e m\u00eddias.<\/span><\/span><\/p><h4><span style=\"vertical-align: inherit;\"><span style=\"vertical-align: inherit;\">Cria\u00e7\u00e3o de links para nosso conte\u00fado<\/span><\/span><\/h4><p><span style=\"vertical-align: inherit;\"><span style=\"vertical-align: inherit;\">As seguintes organiza\u00e7\u00f5es podem criar links para nosso Site sem a necessidade de aprova\u00e7\u00e3o prevista por escrito:<\/span><\/span><\/p><ul><li><span style=\"vertical-align: inherit;\"><span style=\"vertical-align: inherit;\">Ag\u00eancias Governamentais;<\/span><\/span><\/li><li><span style=\"vertical-align: inherit;\"><span style=\"vertical-align: inherit;\">Mecanismos de busca;<\/span><\/span><\/li><li><span style=\"vertical-align: inherit;\"><span style=\"vertical-align: inherit;\">Organiza\u00e7\u00f5es de m\u00eddia;<\/span><\/span><\/li><li><span style=\"vertical-align: inherit;\"><span style=\"vertical-align: inherit;\">Distribuidores de diret\u00f3rios online podem inserir links para nosso Site da mesma maneira que inserir hiperlinks para Sites de outras empresas espec\u00edficas; e<\/span><\/span><\/li><li><span style=\"vertical-align: inherit;\"><span style=\"vertical-align: inherit;\">Empresas credenciadas, exceto organiza\u00e7\u00f5es angariantes sem fins lucrativos e grupos de arrecada\u00e7\u00e3o de fundos para institui\u00e7\u00f5es de caridade, que n\u00e3o podem inserir links para nosso Site sem aprova\u00e7\u00e3o pr\u00e9via.<\/span><\/span><\/li><\/ul><p><span style=\"vertical-align: inherit;\"><span style=\"vertical-align: inherit;\">Essas organiza\u00e7\u00f5es postam links para nossa p\u00e1gina inicial, nossas publica\u00e7\u00f5es ou outras informa\u00e7\u00f5es do Site podem, contanto que o link: (a) n\u00e3o seja, de forma alguma, enganoso; (b) n\u00e3o insinuar falsamente a exist\u00eancia de uma rela\u00e7\u00e3o de patroc\u00ednio, endosso, ou aprova\u00e7\u00e3o de nossos produtos e\/ou servi\u00e7os; e (c) seja protegido ao contexto em que est\u00e1 sendo inserido.<\/span><\/span><\/p><p><span style=\"vertical-align: inherit;\"><span style=\"vertical-align: inherit;\">Podemos considerar e supervisionar os links realizados pelos seguintes tipos de organiza\u00e7\u00f5es:<\/span><\/span><\/p><ul><li><span style=\"vertical-align: inherit;\"><span style=\"vertical-align: inherit;\">fontes de informa\u00e7\u00e3o bem conhecidas sobre produtos e neg\u00f3cios;<\/span><\/span><\/li><li><span style=\"vertical-align: inherit;\"><span style=\"vertical-align: inherit;\">sites comunit\u00e1rios ponto.com;<\/span><\/span><\/li><li><span style=\"vertical-align: inherit;\"><span style=\"vertical-align: inherit;\">associa\u00e7\u00f5es e outros grupos que representam institui\u00e7\u00f5es de caridade;<\/span><\/span><\/li><li><span style=\"vertical-align: inherit;\"><span style=\"vertical-align: inherit;\">distribuidores de diret\u00f3rios online;<\/span><\/span><\/li><li><span style=\"vertical-align: inherit;\"><span style=\"vertical-align: inherit;\">portais de internet;<\/span><\/span><\/li><li><span style=\"vertical-align: inherit;\"><span style=\"vertical-align: inherit;\">firmas de contabilidade, advocacia e consultoria; e<\/span><\/span><\/li><li><span style=\"vertical-align: inherit;\"><span style=\"vertical-align: inherit;\">institui\u00e7\u00f5es educacionais e associa\u00e7\u00f5es de classe.<\/span><\/span><\/li><\/ul><p><span style=\"vertical-align: inherit;\"><span style=\"vertical-align: inherit;\">N\u00f3s vamos apoiar a coopera\u00e7\u00e3o de links feitos pelos tipos de organiza\u00e7\u00e3o listados acima se julgarmos que: (a) o link n\u00e3o \u00e9 desfavor\u00e1vel para nossa imagem e\/ou para a imagem de empresas credenciadas; (b) a organiza\u00e7\u00e3o solicitante n\u00e3o possui hist\u00f3rico negativo conosco; (c) o benef\u00edcio que ganhamos com a visibilidade do link compensa a aus\u00eancia da Advocacia Marina Udribiu; e (d) o link ser\u00e1 inserido em um contexto geral informativo.<\/span><\/span><\/p><p><span style=\"vertical-align: inherit;\"><span style=\"vertical-align: inherit;\">Essas organiza\u00e7\u00f5es postam links em nossa p\u00e1gina inicial contanto que o link: (a) n\u00e3o seja, de forma alguma, enganoso; (b) n\u00e3o insinuar falsamente a exist\u00eancia de uma rela\u00e7\u00e3o de patroc\u00ednio, endosso, ou aprova\u00e7\u00e3o de produtos e\/ou servi\u00e7os de nossa parte; e (c) seja protegido ao contexto em que est\u00e1 sendo inserido.<\/span><\/span><\/p><p><span style=\"vertical-align: inherit;\"><span style=\"vertical-align: inherit;\">Se voc\u00ea representa uma das organiza\u00e7\u00f5es espec\u00edficas no par\u00e1grafo 2 acima e est\u00e1 interessado em postar um link para nosso site, voc\u00ea deve nos informar de seu interesse enviando um e-mail para Advocacia Marina Udribiu. Por favor, incluindo o seu nome, o nome da sua organiza\u00e7\u00e3o e suas informa\u00e7\u00f5es de contato, assim como a URL do seu site, uma lista das URLs do nosso site que voc\u00ea pretende usar como links, e uma lista dos sites nos quais voc\u00ea pretende publicar nossos URLs. Aguarde entre 2 e 3 semanas para receber uma resposta.<\/span><\/span><\/p><p><span style=\"vertical-align: inherit;\"><span style=\"vertical-align: inherit;\">As organiza\u00e7\u00f5es aprovadas poder\u00e3o publicar links para nosso site das seguintes formas:<\/span><\/span><\/p><ul><li><span style=\"vertical-align: inherit;\"><span style=\"vertical-align: inherit;\">Usando nosso nome corporativo; ou<\/span><\/span><\/li><li><span style=\"vertical-align: inherit;\"><span style=\"vertical-align: inherit;\">Usando uma URL para onde o link redireciona; ou<\/span><\/span><\/li><li><span style=\"vertical-align: inherit;\"><span style=\"vertical-align: inherit;\">Usando qualquer outra descri\u00e7\u00e3o do nosso Site que fa\u00e7a sentido dentro do contexto e do formato do conte\u00fado onde o link est\u00e1 sendo inserido.<\/span><\/span><\/li><\/ul><p><span style=\"vertical-align: inherit;\"><span style=\"vertical-align: inherit;\">N\u00e3o ser\u00e1 permitido o uso ou a publica\u00e7\u00e3o de links para o logotipo e\/ou outros elementos visuais da Advocacia Marina Udribiu sem um acordo de licen\u00e7a para o uso da marca registrada.<\/span><\/span><\/p><h4><span style=\"vertical-align: inherit;\"><span style=\"vertical-align: inherit;\">Responsabilidade pelo Conte\u00fado:<\/span><\/span><\/h4><p><span style=\"vertical-align: inherit;\"><span style=\"vertical-align: inherit;\"><span style=\"vertical-align: inherit;\"><span style=\"vertical-align: inherit;\">N\u00e3o seremos responsabilizados legalmente por qualquer conte\u00fado aplic\u00e1vel em seu Site. Voc\u00ea concorda em nos proteger e nos defender contra todas as acusa\u00e7\u00f5es que foram levantadas em seu Site. Nenhum link deve aparecer em qualquer site que possa ser interpretado como difamat\u00f3rio, obsceno, criminoso, ou que infrinja, viole ou defenda a viola\u00e7\u00e3o de direitos de terceiros.<\/span><\/span><\/span><\/span><\/p><h4><span style=\"vertical-align: inherit;\"><span style=\"vertical-align: inherit;\"><span style=\"vertical-align: inherit;\"><span style=\"vertical-align: inherit;\">Reserva de Direitos:<\/span><\/span><\/span><\/span><\/h4><p><span style=\"vertical-align: inherit;\"><span style=\"vertical-align: inherit;\"><span style=\"vertical-align: inherit;\"><span style=\"vertical-align: inherit;\">Reservamos nosso direito de solicitar que voc\u00ea remova todos os links ou quaisquer links que redirecionem para nosso site. Voc\u00ea concorda em remover imediatamente todos os links do nosso site assim que a remo\u00e7\u00e3o for solicitada. Tamb\u00e9m reservamos nosso direito de corrigir e alterar estes termos e condi\u00e7\u00f5es a qualquer momento. Ao publicar links continuamente para nosso site, voc\u00ea concorda em seguir estes termos e condi\u00e7\u00f5es sobre links.<\/span><\/span><\/span><\/span><\/p><h4><span style=\"vertical-align: inherit;\"><span style=\"vertical-align: inherit;\"><span style=\"vertical-align: inherit;\"><span style=\"vertical-align: inherit;\">Remo\u00e7\u00e3o de links postados em nosso site:<\/span><\/span><\/span><\/span><\/h4><p><span style=\"vertical-align: inherit;\"><span style=\"vertical-align: inherit;\"><span style=\"vertical-align: inherit;\"><span style=\"vertical-align: inherit;\">Se voc\u00ea encontrar qualquer link em nosso Site que seja de qualquer forma ofensiva, voc\u00ea tem a liberdade de entrar em contato conosco e nos informar do problema a qualquer momento. Vamos considerar as obriga\u00e7\u00f5es de remo\u00e7\u00e3o de links, mas n\u00e3o somos obrigados a remover quaisquer links do nosso site nem a responder diretamente \u00e0 sua solicita\u00e7\u00e3o.<\/span><\/span><\/span><\/span><\/p><p><span style=\"vertical-align: inherit;\"><span style=\"vertical-align: inherit;\"><span style=\"vertical-align: inherit;\"><span style=\"vertical-align: inherit;\">N\u00f3s n\u00e3o garantimos que as informa\u00e7\u00f5es contidas neste site sejam corretas. N\u00f3s n\u00e3o garantimos integralidade ou exatid\u00e3o do conte\u00fado. N\u00e3o garantimos que o site esteja sempre dispon\u00edvel ou que o material do site esteja atualizado.<\/span><\/span><\/span><\/span><\/p><h4><span style=\"vertical-align: inherit;\"><span style=\"vertical-align: inherit;\"><span style=\"vertical-align: inherit;\"><span style=\"vertical-align: inherit;\">Declara\u00e7\u00e3o de Isen\u00e7\u00e3o de Responsabilidade:<\/span><\/span><\/span><\/span><\/h4><p><span style=\"vertical-align: inherit;\"><span style=\"vertical-align: inherit;\"><span style=\"vertical-align: inherit;\"><span style=\"vertical-align: inherit;\">No m\u00e1ximo permitido por lei, exclu\u00edmos todas as representa\u00e7\u00f5es, garantias e condi\u00e7\u00f5es relativas ao nosso site e ao uso deste site. Nada nesta declara\u00e7\u00e3o de isen\u00e7\u00e3o de responsabilidade vai:<\/span><\/span><\/span><\/span><\/p><ul><li><span style=\"vertical-align: inherit;\"><span style=\"vertical-align: inherit;\"><span style=\"vertical-align: inherit;\"><span style=\"vertical-align: inherit;\">limitar ou excluir nossa responsabilidade ou sua responsabilidade por mortes ou danos pessoais;<\/span><\/span><\/span><\/span><\/li><li><span style=\"vertical-align: inherit;\"><span style=\"vertical-align: inherit;\"><span style=\"vertical-align: inherit;\"><span style=\"vertical-align: inherit;\">limitar ou excluir nossa responsabilidade ou sua responsabilidade por fraudes ou perturba\u00e7\u00f5es fraudulentas;<\/span><\/span><\/span><\/span><\/li><li><span style=\"vertical-align: inherit;\"><span style=\"vertical-align: inherit;\"><span style=\"vertical-align: inherit;\"><span style=\"vertical-align: inherit;\">limitar nossa responsabilidade ou sua responsabilidade de todas as maneiras que n\u00e3o sejam permitidas sob a lei;<\/span><\/span><\/span><\/span><\/li><li><span style=\"vertical-align: inherit;\"><span style=\"vertical-align: inherit;\"><span style=\"vertical-align: inherit;\"><span style=\"vertical-align: inherit;\">excluir quaisquer responsabilidades suas ou nossas que n\u00e3o possam ser restauradas de acordo com a lei aplic\u00e1vel.<\/span><\/span><\/span><\/span><\/li><\/ul><p><span style=\"vertical-align: inherit;\"><span style=\"vertical-align: inherit;\"><span style=\"vertical-align: inherit;\"><span style=\"vertical-align: inherit;\">As limita\u00e7\u00f5es e proibi\u00e7\u00f5es de responsabilidade previstas nesta Se\u00e7\u00e3o e em outras partes desta declara\u00e7\u00e3o: (a) est\u00e3o sujeitas ao par\u00e1grafo anterior; e (b) regem todas as responsabilidades que surgirem sob a declara\u00e7\u00e3o, incluindo responsabilidades surgidas em contrato, em delitos e em quebra de obriga\u00e7\u00f5es legais.<\/span><\/span><\/span><\/span><\/p><p><span style=\"vertical-align: inherit;\"><span style=\"vertical-align: inherit;\"><span style=\"vertical-align: inherit;\"><span style=\"vertical-align: inherit;\">Embora o site e as informa\u00e7\u00f5es e servi\u00e7os do site sejam oferecidos gratuitamente, n\u00e3o seremos respons\u00e1veis \u200b\u200bpor perdas e danos de qualquer natureza.<\/span><\/span><\/span><\/span><\/p>\t\t\t\t\t\t\t\t<\/div>\n\t\t\t\t<\/div>\n\t\t\t\t\t<\/div>\n\t\t\t\t<\/div>\n\t\t\t\t<\/div>\n\t\t","protected":false},"excerpt":{"rendered":"<p>Termos e Condi\u00e7\u00f5es de Uso Seja bem-vindo ao advmarinaudribiu.com! Estes termos e condi\u00e7\u00f5es descrevem as regras de uso do site da empresa Advocacia Marina Udribiu, localizada no endere\u00e7o http:\/\/advmarinaudribiu.com. Ao acessar este site, consideramos que voc\u00ea est\u00e1 de acordo com os termos e condi\u00e7\u00f5es abaixo. N\u00e3o continue a usar o advmarinaudribiu.com caso voc\u00ea discorde dos [&hellip;]<\/p>\n","protected":false},"author":1,"featured_media":0,"parent":0,"menu_order":0,"comment_status":"closed","ping_status":"closed","template":"elementor_canvas","meta":{"_joinchat":[],"footnotes":""},"class_list":["post-226","page","type-page","status-publish","hentry"],"_links":{"self":[{"href":"https:\/\/advmarinaudribiu.com\/index.php\/wp-json\/wp\/v2\/pages\/226","targetHints":{"allow":["GET"]}}],"collection":[{"href":"https:\/\/advmarinaudribiu.com\/index.php\/wp-json\/wp\/v2\/pages"}],"about":[{"href":"https:\/\/advmarinaudribiu.com\/index.php\/wp-json\/wp\/v2\/types\/page"}],"author":[{"embeddable":true,"href":"https:\/\/advmarinaudribiu.com\/index.php\/wp-json\/wp\/v2\/users\/1"}],"replies":[{"embeddable":true,"href":"https:\/\/advmarinaudribiu.com\/index.php\/wp-json\/wp\/v2\/comments?post=226"}],"version-history":[{"count":7,"href":"https:\/\/advmarinaudribiu.com\/index.php\/wp-json\/wp\/v2\/pages\/226\/revisions"}],"predecessor-version":[{"id":239,"href":"https:\/\/advmarinaudribiu.com\/index.php\/wp-json\/wp\/v2\/pages\/226\/revisions\/239"}],"wp:attachment":[{"href":"https:\/\/advmarinaudribiu.com\/index.php\/wp-json\/wp\/v2\/media?parent=226"}],"curies":[{"name":"wp","href":"https:\/\/api.w.org\/{rel}","templated":true}]}}